{"id":545,"date":"2023-09-15T11:45:19","date_gmt":"2023-09-15T11:45:19","guid":{"rendered":"https:\/\/certenttrust.centruldecalcul.ro\/?page_id=545"},"modified":"2023-09-15T11:45:21","modified_gmt":"2023-09-15T11:45:21","slug":"obiectiv","status":"publish","type":"page","link":"https:\/\/certenttrust.centruldecalcul.ro\/?page_id=545","title":{"rendered":"Obiectiv"},"content":{"rendered":"\t\t<div data-elementor-type=\"wp-page\" data-elementor-id=\"545\" class=\"elementor elementor-545\">\n\t\t\t\t<div class=\"elementor-element elementor-element-ed1a5ea e-flex e-con-boxed e-con e-parent\" data-id=\"ed1a5ea\" data-element_type=\"container\" data-e-type=\"container\">\n\t\t\t\t\t<div class=\"e-con-inner\">\n\t\t\t\t<div class=\"elementor-element elementor-element-ed2e08d elementor-widget elementor-widget-text-editor\" data-id=\"ed2e08d\" data-element_type=\"widget\" data-e-type=\"widget\" data-widget_type=\"text-editor.default\">\n\t\t\t\t<div class=\"elementor-widget-container\">\n\t\t\t\t\t\t\t\t\t<p class=\"MsoNormal\"><b><span lang=\"RO\">Obiectivul\ngeneral al proiectului este stimularea inovarii in Centrul de Calcul S.A.\n\u0219i&nbsp; \u00een cadrul consortiului prin\ndezvoltarea de tehnologii si modele inovative pentru CERTIFICAREA (ORIGINII \u0218I\nINTEGRIT\u0102\u021aII) CONTINUTULUI PUBLICAT IN MEDIUL ONLINE \u0219i a SEMNATURII DIGITALE\n\u00ceN CLOUD \u00een vederea implementarii acestora intr-un nou produs INTREPRINDERE\nDIGITALA in contextul Industry 4.0, oferind astfel posibilitatea mentinerii\ncompetitivitatii tehnologice si comerciale.<o:p><\/o:p><\/span><\/b><\/p><p class=\"MsoNormal\"><span lang=\"RO\">O.S.1. Stimularea capacit\u0103\u021bii de cercetare a\nCentrului de Calcul S.A&nbsp; \u0219i a\nUniversit\u0103\u021bii din Craiova prin sus\u021binerea finan\u021b\u0103rii activit\u0103\u021bilor de cercetare\nindustrial\u0103 \u00een vederea dezvolt\u0103rii de tehnologii \u0219i modele noi pentru\n\u201dcertificarea formei \u0219i continutului unui articol publicat in mediu online\u201d si\n\u201da semn\u0103turii digitale \u00een cloud\u201d \u0219i testarea acestora. Prototipurile vor fi\nrealizate ca aplica\u021bii software independente.<o:p><\/o:p><\/span><\/p><p class=\"MsoNormal\"><span lang=\"RO\">O.S.2. Dezvoltarea parteneriatului \u00eentre\n\u00eentreprindere (Centrul de Calcul SA) si Universitatea din Craiova in domeniul\ndezvoltarii experimentale prin integrarea rezultatelor cercetarii industriale\n\u00eentr-un nou produs \u2013 \u00centreprindere digitala si testarea acestuia.<o:p><\/o:p><\/span><\/p><p class=\"MsoNormal\"><span lang=\"RO\">O.S.3. Cre\u015fterea competitivitatii Centrului de\nCalcul pe piata prin introducerea \u00een produc\u0163ie a rezultatelor relevante ale\ncercet\u0103rii. Astfel, se are in vedere achizitia unor sisteme dedicate care sa\npermit\u0103 rularea aplica\u021biilor \u0219i s\u0103 permit\u0103 customizarea acestora \u00een func\u021bie de\nnecesit\u0103\u021bile specifice ale beneficiarilor. <o:p><\/o:p><\/span><\/p><p class=\"MsoNormal\"><span lang=\"RO\">O.S.4. Int\u0103rirea echipei de\ncercetare-dezvoltare prin stimularea dezvolt\u0103rii capabilit\u0103\u0163ilor speciali\u0219tilor\nexisten\u021bi \u0219i atragerea a 2 speciali\u0219ti \u0219i prin&nbsp;\nschimbul de experien\u021b\u0103 \u00een domeniul cercet\u0103rii, cu mediul academic.<o:p><\/o:p><\/span><\/p><p>\n\n\n\n\n\n\n\n\n\n<\/p><p class=\"MsoNormal\"><span lang=\"RO\">O.S.5. Valorificarea rezultatele de cercetare\n\u2013 dezvoltare&nbsp; prin productia si\ncomercializarea acestora, astfel incat pana in 2023 sa fie atins un volum de\nv\u00e2nz\u0103ri de minim 700.000 EUR;<o:p><\/o:p><\/span><\/p>\t\t\t\t\t\t\t\t<\/div>\n\t\t\t\t<\/div>\n\t\t\t\t\t<\/div>\n\t\t\t\t<\/div>\n\t\t\t\t<\/div>\n\t\t","protected":false},"excerpt":{"rendered":"<p>Obiectivul general al proiectului este stimularea inovarii in Centrul de Calcul S.A. \u0219i&nbsp; \u00een cadrul consortiului prin dezvoltarea de tehnologii si modele inovative pentru CERTIFICAREA (ORIGINII \u0218I INTEGRIT\u0102\u021aII) CONTINUTULUI PUBLICAT IN MEDIUL ONLINE \u0219i a SEMNATURII DIGITALE \u00ceN CLOUD \u00een vederea implementarii acestora intr-un nou produs INTREPRINDERE DIGITALA in contextul Industry 4.0, oferind astfel posibilitatea [&hellip;]<\/p>\n","protected":false},"author":3,"featured_media":0,"parent":0,"menu_order":0,"comment_status":"closed","ping_status":"closed","template":"","meta":{"_mc_calendar":[],"footnotes":""},"class_list":["post-545","page","type-page","status-publish","hentry"],"_links":{"self":[{"href":"https:\/\/certenttrust.centruldecalcul.ro\/index.php?rest_route=\/wp\/v2\/pages\/545","targetHints":{"allow":["GET"]}}],"collection":[{"href":"https:\/\/certenttrust.centruldecalcul.ro\/index.php?rest_route=\/wp\/v2\/pages"}],"about":[{"href":"https:\/\/certenttrust.centruldecalcul.ro\/index.php?rest_route=\/wp\/v2\/types\/page"}],"author":[{"embeddable":true,"href":"https:\/\/certenttrust.centruldecalcul.ro\/index.php?rest_route=\/wp\/v2\/users\/3"}],"replies":[{"embeddable":true,"href":"https:\/\/certenttrust.centruldecalcul.ro\/index.php?rest_route=%2Fwp%2Fv2%2Fcomments&post=545"}],"version-history":[{"count":7,"href":"https:\/\/certenttrust.centruldecalcul.ro\/index.php?rest_route=\/wp\/v2\/pages\/545\/revisions"}],"predecessor-version":[{"id":552,"href":"https:\/\/certenttrust.centruldecalcul.ro\/index.php?rest_route=\/wp\/v2\/pages\/545\/revisions\/552"}],"wp:attachment":[{"href":"https:\/\/certenttrust.centruldecalcul.ro\/index.php?rest_route=%2Fwp%2Fv2%2Fmedia&parent=545"}],"curies":[{"name":"wp","href":"https:\/\/api.w.org\/{rel}","templated":true}]}}