{"id":15,"date":"2021-01-19T07:12:45","date_gmt":"2021-01-19T07:12:45","guid":{"rendered":"https:\/\/ppcsuc.centruldecalcul.ro\/?page_id=15"},"modified":"2024-01-28T10:13:45","modified_gmt":"2024-01-28T10:13:45","slug":"activitati","status":"publish","type":"page","link":"https:\/\/certenttrust.centruldecalcul.ro\/?page_id=15","title":{"rendered":"Activit\u0103\u021bi"},"content":{"rendered":"\t\t<div data-elementor-type=\"wp-page\" data-elementor-id=\"15\" class=\"elementor elementor-15\">\n\t\t\t\t\t\t<section class=\"elementor-section elementor-top-section elementor-element elementor-element-13f7770 elementor-section-boxed elementor-section-height-default elementor-section-height-default\" data-id=\"13f7770\" data-element_type=\"section\" data-e-type=\"section\">\n\t\t\t\t\t\t<div class=\"elementor-container elementor-column-gap-default\">\n\t\t\t\t\t<div class=\"elementor-column elementor-col-100 elementor-top-column elementor-element elementor-element-d31e705\" data-id=\"d31e705\" data-element_type=\"column\" data-e-type=\"column\">\n\t\t\t<div class=\"elementor-widget-wrap elementor-element-populated\">\n\t\t\t\t\t\t<div class=\"elementor-element elementor-element-ae7988d elementor-widget elementor-widget-text-editor\" data-id=\"ae7988d\" data-element_type=\"widget\" data-e-type=\"widget\" data-widget_type=\"text-editor.default\">\n\t\t\t\t<div class=\"elementor-widget-container\">\n\t\t\t\t\t\t\t\t\t<h1><strong>ACTIVIT\u0102\u021aI<\/strong><\/h1>\t\t\t\t\t\t\t\t<\/div>\n\t\t\t\t<\/div>\n\t\t\t\t\t<\/div>\n\t\t<\/div>\n\t\t\t\t\t<\/div>\n\t\t<\/section>\n\t\t<div class=\"elementor-element elementor-element-3313112 e-flex e-con-boxed e-con e-parent\" data-id=\"3313112\" data-element_type=\"container\" data-e-type=\"container\">\n\t\t\t\t\t<div class=\"e-con-inner\">\n\t\t\t\t<div class=\"elementor-element elementor-element-8d94a9c elementor-widget elementor-widget-text-editor\" data-id=\"8d94a9c\" data-element_type=\"widget\" data-e-type=\"widget\" data-widget_type=\"text-editor.default\">\n\t\t\t\t<div class=\"elementor-widget-container\">\n\t\t\t\t\t\t\t\t\t<p><!-- [if !supportMisalignedRows]--><\/p>\n<p><!--[endif]--><\/p>\n<p><\/p>\n<p><!--[endif]--><\/p>\n<p><!-- [if !supportMisalignedRows]--><\/p>\n<p><!--[endif]--><\/p>\n<p><!-- [if !supportMisalignedRows]--><\/p>\n<p><!--[endif]--><\/p>\n<p><!-- [if !supportMisalignedRows]--><\/p>\n<p><!--[endif]--><\/p>\n<p><!-- [if !supportMisalignedRows]--><\/p>\n<p><!--[endif]--><\/p>\n<p><!-- [if !supportMisalignedRows]--><\/p>\n<p><!--[endif]--><\/p>\n<p><!-- [if !supportMisalignedRows]--><\/p>\n<p><!--[endif]--><\/p>\n<p><!-- [if !supportMisalignedRows]--><\/p>\n<p><!--[endif]--><\/p>\n<p><!-- [if !supportMisalignedRows]--><\/p>\n<p><!--[endif]--><\/p>\n<p><!-- [if !supportMisalignedRows]--><\/p>\n<p><!--[endif]--><\/p>\n<p><!-- [if !supportMisalignedRows]--><\/p>\n<p><!--[endif]--><\/p>\n<p><!-- [if !supportMisalignedRows]--><\/p>\n<p><!--[endif]--><\/p>\n<p><!-- [if !supportMisalignedRows]--><\/p>\n<p><!--[endif]--><\/p>\n<p><!-- [if !supportMisalignedRows]--><\/p>\n<p><!--[endif]--><\/p>\n<p><!-- [if !supportMisalignedRows]--><\/p>\n<p><!--[endif]--><\/p>\n<p><!-- [if !supportMisalignedRows]--><\/p>\n<p><!--[endif]--><\/p>\n<p><!-- [if !supportMisalignedRows]--><\/p>\n<p><!--[endif]--><\/p>\n<p><!-- [if !supportMisalignedRows]--><\/p>\n<p><!--[endif]--><\/p>\n<p><!-- [if !supportMisalignedRows]--><\/p>\n<p><!--[endif]--><\/p>\n<p><!-- [if !supportMisalignedRows]--><\/p>\n<p><!--[endif]--><\/p>\n<p><\/p>\n<p><\/p><table class=\"MsoNormalTable\" style=\"width: 160.2%; border: none;\" border=\"1\" width=\"99%\" cellspacing=\"0\" cellpadding=\"0\">\n<tbody>\n<tr style=\"mso-yfti-irow: 0; mso-yfti-firstrow: yes; page-break-inside: avoid; height: 17.3pt;\">\n<td style=\"width: 59.6%; border: solid windowtext 1.0pt; mso-border-alt: solid windowtext .5pt; background: #BDD6EE; padding: 0in 5.4pt 0in 5.4pt; height: 17.3pt;\" rowspan=\"2\" width=\"59%\">\n<p class=\"MsoNormal\" style=\"tab-stops: 31.5pt; margin: 3.0pt 0in 3.0pt 0in;\"><b><span lang=\"RO\">Activit\u0103\u0163ile proiectului<\/span><\/b><\/p>\n<p class=\"MsoNormal\" style=\"tab-stops: 31.5pt; margin: 3.0pt 0in 3.0pt 0in;\"><i><span lang=\"RO\">(conform calendarului de activit\u0103\u0163i contractate\/modific\u0103rilor aprobate) <\/span><\/i><\/p>\n<\/td>\n<td style=\"height: 17.3pt; border: none;\" width=\"0\" height=\"23\"><\/td>\n<\/tr>\n<tr style=\"mso-yfti-irow: 1; page-break-inside: avoid; height: 20.3pt;\"><!-- [if !supportMisalignedRows]-->\n<td style=\"height: 20.3pt; border: none;\" width=\"0\" height=\"27\"><\/td>\n<\/tr>\n<tr>\n<td style=\"width: 59.6%; border: solid windowtext 1.0pt; border-top: none; mso-border-top-alt: solid windowtext .5pt; mso-border-alt: solid windowtext .5pt; padding: 0in 5.4pt 0in 5.4pt;\" valign=\"top\" width=\"59%\">\n<p class=\"MsoNormal\" style=\"tab-stops: 31.5pt; margin: 3.0pt 0in 3.0pt 0in;\"><b><span lang=\"RO\">&nbsp;A.O.1 Activita\u021bi de cercetare industriala in colaborare efectiva si cu diseminarea rezultatelor<\/span><\/b><\/p>\n<\/td>\n<td style=\"border: none;\" width=\"0\">\n<p class=\"MsoNormal\">\n<\/p><\/td>\n<\/tr>\n<tr>\n<td style=\"width: 59.6%; border: solid windowtext 1.0pt; border-top: none; mso-border-top-alt: solid windowtext .5pt; mso-border-alt: solid windowtext .5pt; padding: 0in 5.4pt 0in 5.4pt;\" valign=\"top\" width=\"59%\">\n<p class=\"MsoNormal\" style=\"tab-stops: 31.5pt; margin: 3.0pt 0in 3.0pt 0in;\"><span lang=\"RO\">A.O.1.1 Analiza si conceptia unor arhitecturi inovative pentru tehnologiile de suport (echivalentul eng. middleware) ale unei infrastructuri pentru gestiunea increderii intre entitati digitale.<\/span><\/p>\n<\/td>\n<td style=\"border: none;\" width=\"0\">\n<p class=\"MsoNormal\">\n<\/p><\/td>\n<\/tr>\n<tr>\n<td style=\"width: 59.6%; border: solid windowtext 1.0pt; border-top: none; mso-border-top-alt: solid windowtext .5pt; mso-border-alt: solid windowtext .5pt; padding: 0in 5.4pt 0in 5.4pt;\" valign=\"top\" width=\"59%\">\n<p class=\"MsoNormal\" style=\"tab-stops: 31.5pt; margin: 3.0pt 0in 3.0pt 0in;\"><span lang=\"RO\">A.O.1.2 Analiza si integrarea specificatiilor middleware-ului documentat in A.O.1.1 intr-un model conceptual dedicat solutiei de semnatura digitala \u00een cloud (cloudbased signature \u2013 CBS)<\/span><\/p>\n<\/td>\n<td style=\"border: none;\" width=\"0\">\n<p class=\"MsoNormal\">\n<\/p><\/td>\n<\/tr>\n<tr>\n<td style=\"width: 59.6%; border: solid windowtext 1.0pt; border-top: none; mso-border-top-alt: solid windowtext .5pt; mso-border-alt: solid windowtext .5pt; padding: 0in 5.4pt 0in 5.4pt;\" valign=\"top\" width=\"59%\">\n<p class=\"MsoNormal\" style=\"tab-stops: 31.5pt; margin: 3.0pt 0in 3.0pt 0in;\"><span lang=\"RO\">A.O.1.3 Analiza si integrarea specificatiilor middleware-ului documentat in A.O.1.1 intr-un model conceptual dedicat solutiei de certificare a originii si integritatii continutului disponibil on-line (online content certification &#8211; OCC)<\/span><\/p>\n<\/td>\n<td style=\"border: none;\" width=\"0\">\n<p class=\"MsoNormal\">\n<\/p><\/td>\n<\/tr>\n<tr>\n<td style=\"width: 59.6%; border: solid windowtext 1.0pt; border-top: none; mso-border-top-alt: solid windowtext .5pt; mso-border-alt: solid windowtext .5pt; padding: 0in 5.4pt 0in 5.4pt;\" valign=\"top\" width=\"59%\">\n<p class=\"MsoNormal\" style=\"tab-stops: 31.5pt; margin: 3.0pt 0in 3.0pt 0in;\"><span lang=\"RO\">A.O.1.4. Analiza si integrarea specificatiilor middleware-ului, documentat in A.O.1.1, intr-un model conceptual de \u201d\u00centreprindere Digitala\u201d pentru gestiunea increderii intre entitati digitale<\/span><\/p>\n<\/td>\n<td style=\"border: none;\" width=\"0\">\n<p class=\"MsoNormal\">\n<\/p><\/td>\n<\/tr>\n<tr>\n<td style=\"width: 59.6%; border: solid windowtext 1.0pt; border-top: none; mso-border-top-alt: solid windowtext .5pt; mso-border-alt: solid windowtext .5pt; padding: 0in 5.4pt 0in 5.4pt;\" valign=\"top\" width=\"59%\">\n<p class=\"MsoNormal\" style=\"tab-stops: 31.5pt; margin: 3.0pt 0in 3.0pt 0in;\"><b><span lang=\"RO\">A.O.2. Activita\u021bi de dezvoltare experimentala \u00een colaborare efectiva<\/span><\/b><\/p>\n<\/td>\n<td style=\"border: none;\" width=\"0\">\n<p class=\"MsoNormal\">\n<\/p><\/td>\n<\/tr>\n<tr>\n<td style=\"width: 59.6%; border: solid windowtext 1.0pt; border-top: none; mso-border-top-alt: solid windowtext .5pt; mso-border-alt: solid windowtext .5pt; padding: 0in 5.4pt 0in 5.4pt;\" valign=\"top\" width=\"59%\">\n<p class=\"MsoNormal\" style=\"tab-stops: 31.5pt; margin: 3.0pt 0in 3.0pt 0in;\"><span lang=\"RO\">A.O.2.1 Dezvoltare prototip experimental pentru componentele middleware<\/span><\/p>\n<\/td>\n<td style=\"border: none;\" width=\"0\">\n<p class=\"MsoNormal\">\n<\/p><\/td>\n<\/tr>\n<tr>\n<td style=\"width: 59.6%; border: solid windowtext 1.0pt; border-top: none; mso-border-top-alt: solid windowtext .5pt; mso-border-alt: solid windowtext .5pt; padding: 0in 5.4pt 0in 5.4pt;\" valign=\"top\" width=\"59%\">\n<p class=\"MsoNormal\" style=\"tab-stops: 31.5pt; margin: 3.0pt 0in 3.0pt 0in;\"><span lang=\"RO\">A.O.2.2 Dezvoltare prototip experimental pentru serviciul CBS<\/span><\/p>\n<\/td>\n<td style=\"border: none;\" width=\"0\">\n<p class=\"MsoNormal\">\n<\/p><\/td>\n<\/tr>\n<tr>\n<td style=\"width: 59.6%; border: solid windowtext 1.0pt; border-top: none; mso-border-top-alt: solid windowtext .5pt; mso-border-alt: solid windowtext .5pt; padding: 0in 5.4pt 0in 5.4pt;\" valign=\"top\" width=\"59%\">\n<p class=\"MsoNormal\" style=\"tab-stops: 31.5pt; margin: 3.0pt 0in 3.0pt 0in;\"><span lang=\"RO\">A.O.2.3 Dezvoltare prototip experimental pentru serviciul OCC<\/span><\/p>\n<\/td>\n<td style=\"border: none;\" width=\"0\">\n<p class=\"MsoNormal\">\n<\/p><\/td>\n<\/tr>\n<tr>\n<td style=\"width: 59.6%; border: solid windowtext 1.0pt; border-top: none; mso-border-top-alt: solid windowtext .5pt; mso-border-alt: solid windowtext .5pt; padding: 0in 5.4pt 0in 5.4pt;\" valign=\"top\" width=\"59%\">\n<p class=\"MsoNormal\" style=\"tab-stops: 31.5pt; margin: 3.0pt 0in 3.0pt 0in;\"><span lang=\"RO\">A.O.2.4 Dezvoltare prototip experimental pentru serviciul de intreprindere digitala<\/span><\/p>\n<\/td>\n<td style=\"border: none;\" width=\"0\">\n<p class=\"MsoNormal\">\n<\/p><\/td>\n<\/tr>\n<tr>\n<td style=\"width: 59.6%; border: solid windowtext 1.0pt; border-top: none; mso-border-top-alt: solid windowtext .5pt; mso-border-alt: solid windowtext .5pt; padding: 0in 5.4pt 0in 5.4pt;\" valign=\"top\" width=\"59%\">\n<p class=\"MsoNormal\" style=\"tab-stops: 31.5pt; margin: 3.0pt 0in 3.0pt 0in;\"><span lang=\"RO\">A.O.2.5 Auditarea tehnica a sistemului dezvoltat<\/span><\/p>\n<\/td>\n<td style=\"border: none;\" width=\"0\">\n<p class=\"MsoNormal\">\n<\/p><\/td>\n<\/tr>\n<tr>\n<td style=\"width: 59.6%; border: solid windowtext 1.0pt; border-top: none; mso-border-top-alt: solid windowtext .5pt; mso-border-alt: solid windowtext .5pt; padding: 0in 5.4pt 0in 5.4pt;\" valign=\"top\" width=\"59%\">\n<p class=\"MsoNormal\" style=\"tab-stops: 31.5pt; margin: 3.0pt 0in 3.0pt 0in;\"><span lang=\"RO\">A.O.3. Activita\u021bi pentru introducerea \u00een produc\u021bie a rezultatelor cercetarii \u2013 dezvoltarii<\/span><\/p>\n<\/td>\n<td style=\"border: none;\" width=\"0\">\n<p class=\"MsoNormal\">\n<\/p><\/td>\n<\/tr>\n<tr>\n<td style=\"width: 59.6%; border: solid windowtext 1.0pt; border-top: none; mso-border-top-alt: solid windowtext .5pt; mso-border-alt: solid windowtext .5pt; padding: 0in 5.4pt 0in 5.4pt;\" valign=\"top\" width=\"59%\">\n<p class=\"MsoNormal\" style=\"tab-stops: 31.5pt; margin: 3.0pt 0in 3.0pt 0in;\"><span lang=\"RO\">A.O.3.1 Introducerea \u00een produc\u021bie a rezultatelor cercetarii \u2013 dezvoltarii &#8211; inovarii<\/span><\/p>\n<\/td>\n<td style=\"border: none;\" width=\"0\">\n<p class=\"MsoNormal\">\n<\/p><\/td>\n<\/tr>\n<tr>\n<td style=\"width: 59.6%; border: solid windowtext 1.0pt; border-top: none; mso-border-top-alt: solid windowtext .5pt; mso-border-alt: solid windowtext .5pt; padding: 0in 5.4pt 0in 5.4pt;\" valign=\"top\" width=\"59%\">\n<p class=\"MsoNormal\" style=\"tab-stops: 31.5pt; margin: 3.0pt 0in 3.0pt 0in;\"><b><span lang=\"RO\">A.T.1. Managementul proiectului<\/span><\/b><\/p>\n<\/td>\n<td style=\"border: none;\" width=\"0\">\n<p class=\"MsoNormal\">\n<\/p><\/td>\n<\/tr>\n<tr>\n<td style=\"width: 59.6%; border: solid windowtext 1.0pt; border-top: none; mso-border-top-alt: solid windowtext .5pt; mso-border-alt: solid windowtext .5pt; padding: 0in 5.4pt 0in 5.4pt;\" valign=\"top\" width=\"59%\">\n<p class=\"MsoNormal\" style=\"tab-stops: 31.5pt; margin: 3.0pt 0in 3.0pt 0in;\"><span lang=\"RO\">A.T.1.1 Managementul proiectului<\/span><\/p>\n<\/td>\n<td style=\"border: none;\" width=\"0\">\n<p class=\"MsoNormal\">\n<\/p><\/td>\n<\/tr>\n<tr>\n<td style=\"width: 59.6%; border: solid windowtext 1.0pt; border-top: none; mso-border-top-alt: solid windowtext .5pt; mso-border-alt: solid windowtext .5pt; padding: 0in 5.4pt 0in 5.4pt;\" valign=\"top\" width=\"59%\">\n<p class=\"MsoNormal\" style=\"tab-stops: 31.5pt; margin: 3.0pt 0in 3.0pt 0in;\"><b><span lang=\"RO\">A.T.2. Informare si publicitate cu privire la proiect<\/span><\/b><\/p>\n<\/td>\n<td style=\"border: none;\" width=\"0\">\n<p class=\"MsoNormal\">\n<\/p><\/td>\n<\/tr>\n<tr>\n<td style=\"width: 59.6%; border: solid windowtext 1.0pt; border-top: none; mso-border-top-alt: solid windowtext .5pt; mso-border-alt: solid windowtext .5pt; padding: 0in 5.4pt 0in 5.4pt;\" valign=\"top\" width=\"59%\">\n<p class=\"MsoNormal\" style=\"tab-stops: 31.5pt; margin: 3.0pt 0in 3.0pt 0in;\"><span lang=\"RO\">A.T.2.1 Informare si publicitate cu privire la proiect<\/span><\/p>\n<\/td>\n<td style=\"border: none;\" width=\"0\">\n<p class=\"MsoNormal\">\n<\/p><\/td>\n<\/tr>\n<tr>\n<td style=\"width: 59.6%; border: solid windowtext 1.0pt; border-top: none; mso-border-top-alt: solid windowtext .5pt; mso-border-alt: solid windowtext .5pt; padding: 0in 5.4pt 0in 5.4pt;\" valign=\"top\" width=\"59%\">\n<p class=\"MsoNormal\" style=\"tab-stops: 31.5pt; margin: 3.0pt 0in 3.0pt 0in;\"><b><span lang=\"RO\">A.T.3.Auditul proiectului<\/span><\/b><\/p>\n<\/td>\n<td style=\"border: none;\" width=\"0\">\n<p class=\"MsoNormal\">\n<\/p><\/td>\n<\/tr>\n<tr>\n<td style=\"width: 59.6%; border: solid windowtext 1.0pt; border-top: none; mso-border-top-alt: solid windowtext .5pt; mso-border-alt: solid windowtext .5pt; padding: 0in 5.4pt 0in 5.4pt;\" valign=\"top\" width=\"59%\">\n<p class=\"MsoNormal\" style=\"tab-stops: 31.5pt; margin: 3.0pt 0in 3.0pt 0in;\"><span lang=\"RO\">A.T.3.1. Auditul proiectului<\/span><\/p>\n<\/td>\n<td style=\"border: none;\" width=\"0\">\n<p class=\"MsoNormal\">\n<\/p><\/td>\n<\/tr>\n<\/tbody>\n<\/table><br>\t\t\t\t\t\t\t\t<\/div>\n\t\t\t\t<\/div>\n\t\t\t\t\t<\/div>\n\t\t\t\t<\/div>\n\t\t\t\t<section class=\"elementor-section elementor-top-section elementor-element elementor-element-37bb39a elementor-section-boxed elementor-section-height-default elementor-section-height-default\" data-id=\"37bb39a\" data-element_type=\"section\" data-e-type=\"section\">\n\t\t\t\t\t\t<div class=\"elementor-container elementor-column-gap-default\">\n\t\t\t\t\t<div class=\"elementor-column elementor-col-100 elementor-top-column elementor-element elementor-element-501f104\" data-id=\"501f104\" data-element_type=\"column\" data-e-type=\"column\">\n\t\t\t<div class=\"elementor-widget-wrap elementor-element-populated\">\n\t\t\t\t\t\t<div class=\"elementor-element elementor-element-efa1b31 elementor-widget elementor-widget-image\" data-id=\"efa1b31\" data-element_type=\"widget\" data-e-type=\"widget\" data-widget_type=\"image.default\">\n\t\t\t\t<div class=\"elementor-widget-container\">\n\t\t\t\t\t\t\t\t\t\t\t\t\t\t\t<img fetchpriority=\"high\" decoding=\"async\" width=\"640\" height=\"427\" src=\"https:\/\/certenttrust.centruldecalcul.ro\/wp-content\/uploads\/2021\/01\/activitati-1024x683.jpg\" class=\"attachment-large size-large wp-image-131\" alt=\"\" srcset=\"https:\/\/certenttrust.centruldecalcul.ro\/wp-content\/uploads\/2021\/01\/activitati-1024x683.jpg 1024w, https:\/\/certenttrust.centruldecalcul.ro\/wp-content\/uploads\/2021\/01\/activitati-300x200.jpg 300w, https:\/\/certenttrust.centruldecalcul.ro\/wp-content\/uploads\/2021\/01\/activitati-768x512.jpg 768w, https:\/\/certenttrust.centruldecalcul.ro\/wp-content\/uploads\/2021\/01\/activitati-1536x1024.jpg 1536w, https:\/\/certenttrust.centruldecalcul.ro\/wp-content\/uploads\/2021\/01\/activitati-2048x1365.jpg 2048w, https:\/\/certenttrust.centruldecalcul.ro\/wp-content\/uploads\/2021\/01\/activitati-180x120.jpg 180w\" sizes=\"(max-width: 640px) 100vw, 640px\" \/>\t\t\t\t\t\t\t\t\t\t\t\t\t\t\t<\/div>\n\t\t\t\t<\/div>\n\t\t\t\t\t<\/div>\n\t\t<\/div>\n\t\t\t\t\t<\/div>\n\t\t<\/section>\n\t\t\t\t<\/div>\n\t\t","protected":false},"excerpt":{"rendered":"<p>ACTIVIT\u0102\u021aI Activit\u0103\u0163ile proiectului (conform calendarului de activit\u0103\u0163i contractate\/modific\u0103rilor aprobate) &nbsp;A.O.1 Activita\u021bi de cercetare industriala in colaborare efectiva si cu diseminarea rezultatelor A.O.1.1 Analiza si conceptia unor arhitecturi inovative pentru tehnologiile de suport (echivalentul eng. middleware) ale unei infrastructuri pentru gestiunea increderii intre entitati digitale. A.O.1.2 Analiza si integrarea specificatiilor middleware-ului documentat in A.O.1.1 intr-un model [&hellip;]<\/p>\n","protected":false},"author":3,"featured_media":0,"parent":0,"menu_order":0,"comment_status":"closed","ping_status":"closed","template":"","meta":{"_mc_calendar":[],"footnotes":""},"class_list":["post-15","page","type-page","status-publish","hentry"],"_links":{"self":[{"href":"https:\/\/certenttrust.centruldecalcul.ro\/index.php?rest_route=\/wp\/v2\/pages\/15","targetHints":{"allow":["GET"]}}],"collection":[{"href":"https:\/\/certenttrust.centruldecalcul.ro\/index.php?rest_route=\/wp\/v2\/pages"}],"about":[{"href":"https:\/\/certenttrust.centruldecalcul.ro\/index.php?rest_route=\/wp\/v2\/types\/page"}],"author":[{"embeddable":true,"href":"https:\/\/certenttrust.centruldecalcul.ro\/index.php?rest_route=\/wp\/v2\/users\/3"}],"replies":[{"embeddable":true,"href":"https:\/\/certenttrust.centruldecalcul.ro\/index.php?rest_route=%2Fwp%2Fv2%2Fcomments&post=15"}],"version-history":[{"count":76,"href":"https:\/\/certenttrust.centruldecalcul.ro\/index.php?rest_route=\/wp\/v2\/pages\/15\/revisions"}],"predecessor-version":[{"id":572,"href":"https:\/\/certenttrust.centruldecalcul.ro\/index.php?rest_route=\/wp\/v2\/pages\/15\/revisions\/572"}],"wp:attachment":[{"href":"https:\/\/certenttrust.centruldecalcul.ro\/index.php?rest_route=%2Fwp%2Fv2%2Fmedia&parent=15"}],"curies":[{"name":"wp","href":"https:\/\/api.w.org\/{rel}","templated":true}]}}