{"id":11,"date":"2021-01-19T07:11:56","date_gmt":"2021-01-19T07:11:56","guid":{"rendered":"https:\/\/ppcsuc.centruldecalcul.ro\/?page_id=11"},"modified":"2024-01-28T10:17:58","modified_gmt":"2024-01-28T10:17:58","slug":"prima-pagina","status":"publish","type":"page","link":"https:\/\/certenttrust.centruldecalcul.ro\/","title":{"rendered":"Acas\u0103"},"content":{"rendered":"\t\t<div data-elementor-type=\"wp-page\" data-elementor-id=\"11\" class=\"elementor elementor-11\">\n\t\t\t\t<div class=\"elementor-element elementor-element-57c98e3 e-flex e-con-boxed e-con e-parent\" data-id=\"57c98e3\" data-element_type=\"container\" data-e-type=\"container\">\n\t\t\t\t\t<div class=\"e-con-inner\">\n\t\t\t\t<div class=\"elementor-element elementor-element-74622f7 elementor-widget elementor-widget-text-editor\" data-id=\"74622f7\" data-element_type=\"widget\" data-e-type=\"widget\" data-widget_type=\"text-editor.default\">\n\t\t\t\t<div class=\"elementor-widget-container\">\n\t\t\t\t\t\t\t\t\t<p><strong><a href=\"https:\/\/www.fonduri-ue.ro\" target=\"_blank\" rel=\"noopener\">Pentru informa\u021bii detaliate despre celelalte programe cofinan\u021bate de Uniunea European\u0103, v\u0103 invit\u0103m s\u0103 vizita\u021bi www.fonduri-ue.ro<\/a><\/strong><\/p>\t\t\t\t\t\t\t\t<\/div>\n\t\t\t\t<\/div>\n\t\t\t\t\t<\/div>\n\t\t\t\t<\/div>\n\t\t\t\t<section class=\"elementor-section elementor-top-section elementor-element elementor-element-7d618cf elementor-section-boxed elementor-section-height-default elementor-section-height-default\" data-id=\"7d618cf\" data-element_type=\"section\" data-e-type=\"section\">\n\t\t\t\t\t\t<div class=\"elementor-container elementor-column-gap-default\">\n\t\t\t\t\t<div class=\"elementor-column elementor-col-100 elementor-top-column elementor-element elementor-element-4ba2aca\" data-id=\"4ba2aca\" data-element_type=\"column\" data-e-type=\"column\">\n\t\t\t<div class=\"elementor-widget-wrap elementor-element-populated\">\n\t\t\t\t\t\t<div class=\"elementor-element elementor-element-eff08bb elementor-widget elementor-widget-text-editor\" data-id=\"eff08bb\" data-element_type=\"widget\" data-e-type=\"widget\" data-widget_type=\"text-editor.default\">\n\t\t\t\t<div class=\"elementor-widget-container\">\n\t\t\t\t\t\t\t\t\t<h3><strong>&#8220;CERT ENTTRUST \u2013 Solu\u021bii \u0219i tehnologii inovative bazate pe servicii SaaS (Software as a Service) pentru \u00centreprindere Digital\u0103&#8221; <\/strong><\/h3>\n<p><strong>Obiectivul general al proiectului este stimularea inovarii in Centrul de Calcul S.A. \u0219i&nbsp; \u00een cadrul consortiului prin dezvoltarea de tehnologii si modele inovative pentru CERTIFICAREA (ORIGINII \u0218I INTEGRIT\u0102\u021aII) CONTINUTULUI PUBLICAT IN MEDIUL ONLINE \u0219i a SEMNATURII DIGITALE \u00ceN CLOUD \u00een vederea implementarii acestora intr-un nou produs INTREPRINDERE DIGITALA in contextul Industry 4.0, oferind astfel posibilitatea mentinerii competitivitatii tehnologice si comerciale.<\/strong><\/p>\n<p align=\"center\" style=\"text-align: center; line-height: normal; background-image: initial; background-position: initial; background-size: initial; background-repeat: initial; background-attachment: initial; background-origin: initial; background-clip: initial;\"><b><span lang=\"RO\" style=\"font-size:18.0pt;\nfont-family:&quot;Segoe UI&quot;,&quot;sans-serif&quot;;mso-fareast-font-family:&quot;Times New Roman&quot;;\ncolor:#212529;mso-font-kerning:0pt;mso-ligatures:none;mso-fareast-language:\nRO\">Datele de identificare ale proiectului<o:p><\/o:p><\/span><\/b><\/p><p><b><span lang=\"RO\" style=\"font-size:12.0pt;line-height:107%;\nfont-family:&quot;Segoe UI&quot;,&quot;sans-serif&quot;;mso-fareast-font-family:&quot;Times New Roman&quot;;\ncolor:#212529;mso-font-kerning:0pt;mso-ligatures:none;mso-fareast-language:\nRO\">Titlu proiect:<\/span><\/b><span lang=\"RO\" style=\"font-size:12.0pt;line-height:\n107%;font-family:&quot;Segoe UI&quot;,&quot;sans-serif&quot;;mso-fareast-font-family:&quot;Times New Roman&quot;;\ncolor:#212529;mso-font-kerning:0pt;mso-ligatures:none;mso-fareast-language:\nRO\">&nbsp;<\/span><span lang=\"RO\">CERT\nENTTRUST \u2013 Solu\u021bii \u0219i tehnologii inovative bazate pe servicii SaaS (Software as\na Service) pentru \u00centreprindere Digital\u0103<b><o:p><\/o:p><\/b><\/span><\/p><p style=\"line-height: normal; background-image: initial; background-position: initial; background-size: initial; background-repeat: initial; background-attachment: initial; background-origin: initial; background-clip: initial;\"><b><span lang=\"RO\" style=\"font-size:12.0pt;font-family:&quot;Segoe UI&quot;,&quot;sans-serif&quot;;\nmso-fareast-font-family:&quot;Times New Roman&quot;;color:#212529;mso-font-kerning:0pt;\nmso-ligatures:none;mso-fareast-language:RO\">Acronim proiect:<\/span><\/b><span lang=\"RO\" style=\"font-size:12.0pt;font-family:&quot;Segoe UI&quot;,&quot;sans-serif&quot;;mso-fareast-font-family:\n&quot;Times New Roman&quot;;color:#212529;mso-font-kerning:0pt;mso-ligatures:none;\nmso-fareast-language:RO\">&nbsp;<\/span><span lang=\"RO\">CERT ENTTRUST<\/span><span lang=\"RO\" style=\"font-size:12.0pt;font-family:\n&quot;Segoe UI&quot;,&quot;sans-serif&quot;;mso-fareast-font-family:&quot;Times New Roman&quot;;color:#212529;\nmso-font-kerning:0pt;mso-ligatures:none;mso-fareast-language:RO\"><o:p><\/o:p><\/span><\/p><p style=\"line-height: normal; background-image: initial; background-position: initial; background-size: initial; background-repeat: initial; background-attachment: initial; background-origin: initial; background-clip: initial;\"><b><span lang=\"RO\" style=\"font-size:12.0pt;font-family:&quot;Segoe UI&quot;,&quot;sans-serif&quot;;\nmso-fareast-font-family:&quot;Times New Roman&quot;;color:#212529;mso-font-kerning:0pt;\nmso-ligatures:none;mso-fareast-language:RO\">Cod SMIS:<\/span><\/b><span lang=\"RO\" style=\"font-size:12.0pt;font-family:&quot;Segoe UI&quot;,&quot;sans-serif&quot;;mso-fareast-font-family:\n&quot;Times New Roman&quot;;color:#212529;mso-font-kerning:0pt;mso-ligatures:none;\nmso-fareast-language:RO\">&nbsp;120269<o:p><\/o:p><\/span><\/p><p style=\"line-height: normal; background-image: initial; background-position: initial; background-size: initial; background-repeat: initial; background-attachment: initial; background-origin: initial; background-clip: initial;\"><b><span lang=\"RO\" style=\"font-size:12.0pt;font-family:&quot;Segoe UI&quot;,&quot;sans-serif&quot;;\nmso-fareast-font-family:&quot;Times New Roman&quot;;color:#212529;mso-font-kerning:0pt;\nmso-ligatures:none;mso-fareast-language:RO\">Ax\u0103 prioritar\u0103&nbsp;&nbsp;&nbsp;&nbsp;&nbsp;&nbsp;&nbsp;&nbsp;&nbsp; <\/span><\/b><span lang=\"RO\" style=\"font-size:12.0pt;font-family:&quot;Segoe UI&quot;,&quot;sans-serif&quot;;mso-fareast-font-family:\n&quot;Times New Roman&quot;;color:#212529;mso-font-kerning:0pt;mso-ligatures:none;\nmso-fareast-language:RO\">1 \u2013 Cercetare, dezvoltare tehnologic\u0103 \u0219i inovare (CDI)\n\u00een sprijinul competitivit\u0103\u0163ii economice \u0219i dezvolt\u0103rii afacerilor<o:p><\/o:p><\/span><\/p><p style=\"line-height: normal; background-image: initial; background-position: initial; background-size: initial; background-repeat: initial; background-attachment: initial; background-origin: initial; background-clip: initial;\"><b><span lang=\"RO\" style=\"font-size:12.0pt;font-family:&quot;Segoe UI&quot;,&quot;sans-serif&quot;;\nmso-fareast-font-family:&quot;Times New Roman&quot;;color:#212529;mso-font-kerning:0pt;\nmso-ligatures:none;mso-fareast-language:RO\">Prioritate de investi\u0163ie&nbsp;&nbsp;&nbsp;&nbsp;&nbsp;  <\/span><\/b><span lang=\"RO\" style=\"font-size:12.0pt;font-family:&quot;Segoe UI&quot;,&quot;sans-serif&quot;;mso-fareast-font-family:\n&quot;Times New Roman&quot;;color:#212529;mso-font-kerning:0pt;mso-ligatures:none;\nmso-fareast-language:RO\">PI1b &#8211; Promovarea investi\u021biilor \u00een C&amp;I,\ndezvoltarea de leg\u0103turi \u0219i sinergii \u00eentre \u00eentreprinderi, centrele de cercetare\n\u0219i dezvoltare \u0219i \u00eenv\u0103\u021b\u0103m\u00e2ntul superior, \u00een special promovarea investi\u021biilor \u00een\ndezvoltarea de produse \u0219i de servicii, transferul de tehnologii, inovarea\nsocial\u0103, ecoinovarea \u0219i aplica\u021biile de servicii publice, stimularea cererii,\ncrearea de re\u021bele \u0219i de grupuri \u0219i inovarea deschis\u0103 prin specializarea\ninteligent\u0103, precum \u0219i sprijinirea activit\u0103\u021bilor de cercetare tehnologic\u0103 \u0219i\naplicat\u0103, liniilor-pilot, ac\u021biunilor de validare precoce a produselor,\ncapacit\u0103\u021bilor de produc\u021bie avansate \u0219i de prim\u0103 produc\u021bie, \u00een special \u00een\ndomeniul tehnologiilor generice esen\u021biale \u0219i difuz\u0103rii tehnologiilor de uz\ngeneral<o:p><\/o:p><\/span><\/p><p style=\"line-height: normal; background-image: initial; background-position: initial; background-size: initial; background-repeat: initial; background-attachment: initial; background-origin: initial; background-clip: initial;\"><b><span lang=\"RO\" style=\"font-size:12.0pt;font-family:&quot;Segoe UI&quot;,&quot;sans-serif&quot;;\nmso-fareast-font-family:&quot;Times New Roman&quot;;color:#212529;mso-font-kerning:0pt;\nmso-ligatures:none;mso-fareast-language:RO\">Ac\u0163iune&nbsp;&nbsp;&nbsp;&nbsp;&nbsp;&nbsp;&nbsp;&nbsp; <\/span><\/b><span lang=\"RO\" style=\"font-size:12.0pt;font-family:\n&quot;Segoe UI&quot;,&quot;sans-serif&quot;;mso-fareast-font-family:&quot;Times New Roman&quot;;color:#212529;\nmso-font-kerning:0pt;mso-ligatures:none;mso-fareast-language:RO\">1.2.1\nStimularea cererii \u00eentreprinderilor pentru inovare prin proiecte de CDI\nderulate de \u00eentreprinderi individual sau \u00een parteneriat cu institutele de CD \u0219i\nuniversit\u0103\u021bi, \u00een scopul inov\u0103rii de procese \u0219i de produse \u00een sectoarele\neconomice care prezint\u0103 poten\u021bial de cre\u0219tere<b><o:p><\/o:p><\/b><\/span><\/p><p style=\"line-height: normal; background-image: initial; background-position: initial; background-size: initial; background-repeat: initial; background-attachment: initial; background-origin: initial; background-clip: initial;\"><b><span lang=\"RO\" style=\"font-size:12.0pt;font-family:&quot;Segoe UI&quot;,&quot;sans-serif&quot;;\nmso-fareast-font-family:&quot;Times New Roman&quot;;color:#212529;mso-font-kerning:0pt;\nmso-ligatures:none;mso-fareast-language:RO\">Tip proiect:<\/span><\/b><span lang=\"RO\" style=\"font-size:12.0pt;font-family:&quot;Segoe UI&quot;,&quot;sans-serif&quot;;mso-fareast-font-family:\n&quot;Times New Roman&quot;;color:#212529;mso-font-kerning:0pt;mso-ligatures:none;\nmso-fareast-language:RO\">&nbsp;Proiect tehnologic inovativ \u2013 REGIUNI MAI PU\u021aIN\nDEZVOLTATE<o:p><\/o:p><\/span><\/p><p style=\"line-height: normal; background-image: initial; background-position: initial; background-size: initial; background-repeat: initial; background-attachment: initial; background-origin: initial; background-clip: initial;\"><b><span lang=\"RO\" style=\"font-size:12.0pt;font-family:&quot;Segoe UI&quot;,&quot;sans-serif&quot;;\nmso-fareast-font-family:&quot;Times New Roman&quot;;color:#212529;mso-font-kerning:0pt;\nmso-ligatures:none;mso-fareast-language:RO\">Durata contractului:<\/span><\/b><span lang=\"RO\" style=\"font-size:12.0pt;font-family:&quot;Segoe UI&quot;,&quot;sans-serif&quot;;mso-fareast-font-family:\n&quot;Times New Roman&quot;;color:#212529;mso-font-kerning:0pt;mso-ligatures:none;\nmso-fareast-language:RO\">&nbsp;27 luni (20.10.2021 \u2013 31.12.2023)<o:p><\/o:p><\/span><\/p><p style=\"line-height: normal; background-image: initial; background-position: initial; background-size: initial; background-repeat: initial; background-attachment: initial; background-origin: initial; background-clip: initial;\"><b><span lang=\"RO\" style=\"font-size:12.0pt;font-family:&quot;Segoe UI&quot;,&quot;sans-serif&quot;;\nmso-fareast-font-family:&quot;Times New Roman&quot;;color:#212529;mso-font-kerning:0pt;\nmso-ligatures:none;mso-fareast-language:RO\">Contractor:<\/span><\/b><span lang=\"RO\" style=\"font-size:12.0pt;font-family:&quot;Segoe UI&quot;,&quot;sans-serif&quot;;mso-fareast-font-family:\n&quot;Times New Roman&quot;;color:#212529;mso-font-kerning:0pt;mso-ligatures:none;\nmso-fareast-language:RO\">&nbsp;CENTRUL DE CALCUL SA<o:p><\/o:p><\/span><\/p><p>\n\n\n\n\n\n\n\n\n\n\n\n\n\n\n\n\n\n\n\n<\/p><p><b><span lang=\"RO\" style=\"font-size:12.0pt;line-height:107%;\nfont-family:&quot;Segoe UI&quot;,&quot;sans-serif&quot;;mso-fareast-font-family:&quot;Times New Roman&quot;;\ncolor:#212529;mso-font-kerning:0pt;mso-ligatures:none;mso-fareast-language:\nRO\">Valoarea totala eligibila a proiectului<\/span><\/b><span lang=\"RO\" style=\"font-size:12.0pt;line-height:107%;font-family:&quot;Segoe UI&quot;,&quot;sans-serif&quot;;\nmso-fareast-font-family:&quot;Times New Roman&quot;;color:#212529;mso-font-kerning:0pt;\nmso-ligatures:none;mso-fareast-language:RO\"> este de 15.471.728,43 Lei, din\ncare 11.382.376,89 Lei reprezinta finantare nerambursabila din FEDR, prin\nProgramul Operational Competitivitate(POC) 2014-2020,<\/span><span lang=\"RO\"><o:p><\/o:p><\/span><\/p>\n<p><br><\/p>\n<p><strong style=\"color: var( --e-global-color-text ); font-family: var( --e-global-typography-text-font-family ), Sans-serif; font-size: 1.05rem;\">Date de contact:<\/strong><br><\/p>\n<p>SC CENTRUL DE CALCUL SA&nbsp;<br>tel.0253-214767, fax 0235-213409<br><a href=\"http:\/\/www.centruldecalcul.ro\">www.centruldecalcul.ro<\/a><br>E-mail sediu@centruldecalcul.ro<br>Persoan\u0103 de contact Ionic\u0103 Drago\u0219 Viorel \u2013 Manager de proiect<br>Informa\u021bii suplimentare se pot ob\u021bine la sediul Solicitantului, situat in T\u00e2rgu Jiu, str. Tudor Vladimirescu nr. 17<\/p>\n<p>Universitatea din Craiova:<br>Str. A. I. Cuza nr.13, Craiova, Rom\u00e2nia RO-200585,<br>Tel. biroul unic de informare +40 251 414 398<br>E-mail: rectorat@central.ucv.ro<\/p>\t\t\t\t\t\t\t\t<\/div>\n\t\t\t\t<\/div>\n\t\t\t\t\t<\/div>\n\t\t<\/div>\n\t\t\t\t\t<\/div>\n\t\t<\/section>\n\t\t<div class=\"elementor-element elementor-element-d83dc35 e-flex e-con-boxed e-con e-parent\" data-id=\"d83dc35\" data-element_type=\"container\" data-e-type=\"container\">\n\t\t\t\t\t<div class=\"e-con-inner\">\n\t\t\t\t<div class=\"elementor-element elementor-element-a40dd27 elementor-widget elementor-widget-text-editor\" data-id=\"a40dd27\" data-element_type=\"widget\" data-e-type=\"widget\" data-widget_type=\"text-editor.default\">\n\t\t\t\t<div class=\"elementor-widget-container\">\n\t\t\t\t\t\t\t\t\t<p><span style=\"font-family: Roboto, sans-serif; font-size: 16.8px;\"><b>Con\u021binutul acestui material nu reprezint\u0103 \u00een mod obligatoriu pozi\u021bia oficial\u0103 a Uniunii Europene sau a Guvernului Rom\u00e2niei.<\/b><\/span><\/p>\t\t\t\t\t\t\t\t<\/div>\n\t\t\t\t<\/div>\n\t\t\t\t\t<\/div>\n\t\t\t\t<\/div>\n\t\t<div class=\"elementor-element elementor-element-ccff42d e-flex e-con-boxed e-con e-parent\" data-id=\"ccff42d\" data-element_type=\"container\" data-e-type=\"container\">\n\t\t\t\t\t<div class=\"e-con-inner\">\n\t\t<div class=\"elementor-element elementor-element-5573d0a e-con-full e-flex e-con e-child\" data-id=\"5573d0a\" data-element_type=\"container\" data-e-type=\"container\">\n\t\t\t\t<div class=\"elementor-element elementor-element-a452227 elementor-widget elementor-widget-image\" data-id=\"a452227\" data-element_type=\"widget\" data-e-type=\"widget\" data-widget_type=\"image.default\">\n\t\t\t\t<div class=\"elementor-widget-container\">\n\t\t\t\t\t\t\t\t\t\t\t\t\t\t\t\t<a href=\"http:\/\/www.centruldecalcul.ro\">\n\t\t\t\t\t\t\t<img fetchpriority=\"high\" decoding=\"async\" width=\"640\" height=\"127\" src=\"https:\/\/certenttrust.centruldecalcul.ro\/wp-content\/uploads\/2021\/01\/sigla_cc_nou_darcom_2017_fara_background.png\" class=\"attachment-large size-large wp-image-227\" alt=\"\" srcset=\"https:\/\/certenttrust.centruldecalcul.ro\/wp-content\/uploads\/2021\/01\/sigla_cc_nou_darcom_2017_fara_background.png 640w, https:\/\/certenttrust.centruldecalcul.ro\/wp-content\/uploads\/2021\/01\/sigla_cc_nou_darcom_2017_fara_background-300x60.png 300w\" sizes=\"(max-width: 640px) 100vw, 640px\" \/>\t\t\t\t\t\t\t\t<\/a>\n\t\t\t\t\t\t\t\t\t\t\t\t\t\t\t<\/div>\n\t\t\t\t<\/div>\n\t\t\t\t<\/div>\n\t\t<div class=\"elementor-element elementor-element-e81bfee e-con-full e-flex e-con e-child\" data-id=\"e81bfee\" data-element_type=\"container\" data-e-type=\"container\">\n\t\t\t\t<div class=\"elementor-element elementor-element-5b8a1ed elementor-widget elementor-widget-image\" data-id=\"5b8a1ed\" data-element_type=\"widget\" data-e-type=\"widget\" data-widget_type=\"image.default\">\n\t\t\t\t<div class=\"elementor-widget-container\">\n\t\t\t\t\t\t\t\t\t\t\t\t\t\t\t\t<a href=\"http:\/\/www.ucv.ro\">\n\t\t\t\t\t\t\t<img decoding=\"async\" width=\"337\" height=\"114\" src=\"https:\/\/certenttrust.centruldecalcul.ro\/wp-content\/uploads\/2023\/08\/logo_ucv2.png\" class=\"attachment-large size-large wp-image-402\" alt=\"\" srcset=\"https:\/\/certenttrust.centruldecalcul.ro\/wp-content\/uploads\/2023\/08\/logo_ucv2.png 337w, https:\/\/certenttrust.centruldecalcul.ro\/wp-content\/uploads\/2023\/08\/logo_ucv2-300x101.png 300w\" sizes=\"(max-width: 337px) 100vw, 337px\" \/>\t\t\t\t\t\t\t\t<\/a>\n\t\t\t\t\t\t\t\t\t\t\t\t\t\t\t<\/div>\n\t\t\t\t<\/div>\n\t\t\t\t<\/div>\n\t\t\t\t\t<\/div>\n\t\t\t\t<\/div>\n\t\t\t\t<\/div>\n\t\t","protected":false},"excerpt":{"rendered":"<p>Pentru informa\u021bii detaliate despre celelalte programe cofinan\u021bate de Uniunea European\u0103, v\u0103 invit\u0103m s\u0103 vizita\u021bi www.fonduri-ue.ro &#8220;CERT ENTTRUST \u2013 Solu\u021bii \u0219i tehnologii inovative bazate pe servicii SaaS (Software as a Service) pentru \u00centreprindere Digital\u0103&#8221; Obiectivul general al proiectului este stimularea inovarii in Centrul de Calcul S.A. \u0219i&nbsp; \u00een cadrul consortiului prin dezvoltarea de tehnologii si modele [&hellip;]<\/p>\n","protected":false},"author":3,"featured_media":0,"parent":0,"menu_order":0,"comment_status":"closed","ping_status":"closed","template":"","meta":{"_mc_calendar":[],"footnotes":""},"class_list":["post-11","page","type-page","status-publish","hentry"],"_links":{"self":[{"href":"https:\/\/certenttrust.centruldecalcul.ro\/index.php?rest_route=\/wp\/v2\/pages\/11","targetHints":{"allow":["GET"]}}],"collection":[{"href":"https:\/\/certenttrust.centruldecalcul.ro\/index.php?rest_route=\/wp\/v2\/pages"}],"about":[{"href":"https:\/\/certenttrust.centruldecalcul.ro\/index.php?rest_route=\/wp\/v2\/types\/page"}],"author":[{"embeddable":true,"href":"https:\/\/certenttrust.centruldecalcul.ro\/index.php?rest_route=\/wp\/v2\/users\/3"}],"replies":[{"embeddable":true,"href":"https:\/\/certenttrust.centruldecalcul.ro\/index.php?rest_route=%2Fwp%2Fv2%2Fcomments&post=11"}],"version-history":[{"count":197,"href":"https:\/\/certenttrust.centruldecalcul.ro\/index.php?rest_route=\/wp\/v2\/pages\/11\/revisions"}],"predecessor-version":[{"id":580,"href":"https:\/\/certenttrust.centruldecalcul.ro\/index.php?rest_route=\/wp\/v2\/pages\/11\/revisions\/580"}],"wp:attachment":[{"href":"https:\/\/certenttrust.centruldecalcul.ro\/index.php?rest_route=%2Fwp%2Fv2%2Fmedia&parent=11"}],"curies":[{"name":"wp","href":"https:\/\/api.w.org\/{rel}","templated":true}]}}